{"id":232,"date":"2015-08-27T09:52:39","date_gmt":"2015-08-27T08:52:39","guid":{"rendered":"http:\/\/www.valf.fr\/en\/bienvenue\/"},"modified":"2016-08-22T17:18:48","modified_gmt":"2016-08-22T16:18:48","slug":"bienvenue","status":"publish","type":"page","link":"http:\/\/www.valf.fr\/en\/","title":{"rendered":"Welcome"},"content":{"rendered":"<div class=\"wpb-content-wrapper\"><p>[vc_row][vc_column][vc_empty_space height=&#8221;45px&#8221;][vc_column_text css_animation=&#8221;bottom-to-top&#8221;]<\/p>\n<h2 style=\"text-align: center;\">When people ask me to say what my style of painting is , I say that I paint colours.<\/h2>\n<p>[\/vc_column_text][\/vc_column][\/vc_row][vc_row][vc_column width=&#8221;1\/4&#8243;][vc_column_text css_animation=&#8221;top-to-bottom&#8221;]<\/p>\n<h3 style=\"text-align: center;\">My Paintings<\/h3>\n<p>[\/vc_column_text][vc_single_image image=&#8221;112&#8243; img_size=&#8221;250&#215;250&#8243; alignment=&#8221;center&#8221; style=&#8221;vc_box_border&#8221; border_color=&#8221;mulled_wine&#8221; onclick=&#8221;custom_link&#8221; css_animation=&#8221;bottom-to-top&#8221; link=&#8221;http:\/\/www.valf.fr\/en\/paintings\/&#8221;][vc_column_text css_animation=&#8221;top-to-bottom&#8221;]<\/p>\n<p style=\"text-align: justify;\">The most important thing for me is the sensation of colours, followed by the forms that will serve the sensations, and\u00a0 lastly the subject and the title which will sum up the whole picture \u2026.<\/p>\n<p>[\/vc_column_text][\/vc_column][vc_column width=&#8221;1\/4&#8243;][vc_column_text css_animation=&#8221;top-to-bottom&#8221;]<\/p>\n<h3 style=\"text-align: center;\">My Paintings with Texts<\/h3>\n<p>[\/vc_column_text][vc_single_image image=&#8221;52&#8243; img_size=&#8221;250&#215;250&#8243; alignment=&#8221;center&#8221; style=&#8221;vc_box_border&#8221; border_color=&#8221;mulled_wine&#8221; onclick=&#8221;custom_link&#8221; css_animation=&#8221;bottom-to-top&#8221; link=&#8221;http:\/\/www.valf.fr\/en\/paintings-with-texts\/&#8221;][vc_column_text css_animation=&#8221;top-to-bottom&#8221;]<\/p>\n<p style=\"text-align: justify;\">Reinforcing the message in a drawing, or to explain the picture with a text, contributes to increasing the degree of sharing and intimacy between you and me\u00a0.<\/p>\n<p>[\/vc_column_text][\/vc_column][vc_column width=&#8221;1\/4&#8243;][vc_column_text css_animation=&#8221;top-to-bottom&#8221;]<\/p>\n<h3 style=\"text-align: center;\">My Sculptures<\/h3>\n<p>[\/vc_column_text][vc_single_image image=&#8221;44&#8243; img_size=&#8221;250&#215;250&#8243; alignment=&#8221;center&#8221; style=&#8221;vc_box_border&#8221; border_color=&#8221;mulled_wine&#8221; onclick=&#8221;custom_link&#8221; css_animation=&#8221;bottom-to-top&#8221; link=&#8221;http:\/\/www.valf.fr\/en\/sculptures\/&#8221;][vc_column_text css_animation=&#8221;top-to-bottom&#8221;]<\/p>\n<p style=\"text-align: justify;\">To shape or\u00a0 to mold is such a pleasure\u00a0! Forms pop up from my hands and live their own lifes. How this physical creation arrives is a puzzle for me and challenges me.<\/p>\n<p>[\/vc_column_text][\/vc_column][vc_column width=&#8221;1\/4&#8243;][vc_column_text css_animation=&#8221;top-to-bottom&#8221;]<\/p>\n<h3 style=\"text-align: center;\">My Omyagues<\/h3>\n<p>[\/vc_column_text][vc_single_image image=&#8221;192&#8243; img_size=&#8221;250&#215;250&#8243; alignment=&#8221;center&#8221; style=&#8221;vc_box_border&#8221; border_color=&#8221;mulled_wine&#8221; onclick=&#8221;custom_link&#8221; css_animation=&#8221;bottom-to-top&#8221; link=&#8221;http:\/\/www.valf.fr\/en\/omyagues\/&#8221;][vc_column_text css_animation=&#8221;top-to-bottom&#8221;]<\/p>\n<p style=\"text-align: justify;\">These splashes of colours, abstract for the most, questioning and challengeing, turn to a reflexion about the sense of these forms\u2026<\/p>\n<p>[\/vc_column_text][\/vc_column][\/vc_row][vc_row][vc_column][vc_column_text css_animation=&#8221;bottom-to-top&#8221;]<\/p>\n<h2 style=\"text-align: center;\">I\u00a0 hope that you have\u00a0 as much pleasure looking\u00a0 at my creations as I have had creating them.<\/h2>\n<p>[\/vc_column_text][\/vc_column][\/vc_row]<\/p>\n<\/div>","protected":false},"excerpt":{"rendered":"<p>[vc_row][vc_column][vc_empty_space height=&#8221;45px&#8221;][vc_column_text css_animation=&#8221;bottom-to-top&#8221;] When people ask me to say what my style of painting is , I say that I paint colours. [\/vc_column_text][\/vc_column][\/vc_row][vc_row][vc_column width=&#8221;1\/4&#8243;][vc_column_text css_animation=&#8221;top-to-bottom&#8221;] My Paintings [\/vc_column_text][vc_single_image image=&#8221;112&#8243; img_size=&#8221;250&#215;250&#8243; alignment=&#8221;center&#8221; style=&#8221;vc_box_border&#8221; border_color=&#8221;mulled_wine&#8221; onclick=&#8221;custom_link&#8221; css_animation=&#8221;bottom-to-top&#8221; link=&#8221;http:\/\/www.valf.fr\/en\/paintings\/&#8221;][vc_column_text css_animation=&#8221;top-to-bottom&#8221;] The most important&hellip; <\/p>\n","protected":false},"author":2,"featured_media":0,"parent":0,"menu_order":0,"comment_status":"closed","ping_status":"closed","template":"","meta":{"footnotes":""},"class_list":["post-232","page","type-page","status-publish","hentry"],"yoast_head":"<!-- This site is optimized with the Yoast SEO plugin v27.2 - https:\/\/yoast.com\/product\/yoast-seo-wordpress\/ -->\n<title>Val\u00e9rie Francisque - Artiste Plasticienne - Cherbourg - France<\/title>\n<meta name=\"description\" content=\"D\u00e9couvrez mes peintures, tableaux \u00e0 texte, sculptures et Omyagu\u00e9s (souvenirs du Japon). L\u2019Art est un mode de communication et d\u2019expression universel.\" \/>\n<meta name=\"robots\" content=\"index, follow, max-snippet:-1, max-image-preview:large, max-video-preview:-1\" \/>\n<link rel=\"canonical\" href=\"https:\/\/www.valf.fr\/en\/\" \/>\n<meta property=\"og:locale\" content=\"en_US\" \/>\n<meta property=\"og:type\" content=\"article\" \/>\n<meta property=\"og:title\" content=\"Val\u00e9rie Francisque - Artiste Plasticienne - Cherbourg - France\" \/>\n<meta property=\"og:description\" content=\"D\u00e9couvrez mes peintures, tableaux \u00e0 texte, sculptures et Omyagu\u00e9s (souvenirs du Japon). L\u2019Art est un mode de communication et d\u2019expression universel.\" \/>\n<meta property=\"og:url\" content=\"https:\/\/www.valf.fr\/en\/\" \/>\n<meta property=\"og:site_name\" content=\"Val\u00e9rie Francisque\" \/>\n<meta property=\"article:modified_time\" content=\"2016-08-22T16:18:48+00:00\" \/>\n<meta name=\"twitter:card\" content=\"summary_large_image\" \/>\n<meta name=\"twitter:label1\" content=\"Est. reading time\" \/>\n\t<meta name=\"twitter:data1\" content=\"2 minutes\" \/>\n<script type=\"application\/ld+json\" class=\"yoast-schema-graph\">{\"@context\":\"https:\/\/schema.org\",\"@graph\":[{\"@type\":\"WebPage\",\"@id\":\"https:\/\/www.valf.fr\/en\/\",\"url\":\"https:\/\/www.valf.fr\/en\/\",\"name\":\"Val\u00e9rie Francisque - Artiste Plasticienne - Cherbourg - France\",\"isPartOf\":{\"@id\":\"http:\/\/www.valf.fr\/#website\"},\"datePublished\":\"2015-08-27T08:52:39+00:00\",\"dateModified\":\"2016-08-22T16:18:48+00:00\",\"description\":\"D\u00e9couvrez mes peintures, tableaux \u00e0 texte, sculptures et Omyagu\u00e9s (souvenirs du Japon). L\u2019Art est un mode de communication et d\u2019expression universel.\",\"breadcrumb\":{\"@id\":\"https:\/\/www.valf.fr\/en\/#breadcrumb\"},\"inLanguage\":\"en-US\",\"potentialAction\":[{\"@type\":\"ReadAction\",\"target\":[\"https:\/\/www.valf.fr\/en\/\"]}]},{\"@type\":\"BreadcrumbList\",\"@id\":\"https:\/\/www.valf.fr\/en\/#breadcrumb\",\"itemListElement\":[{\"@type\":\"ListItem\",\"position\":1,\"name\":\"Accueil\",\"item\":\"https:\/\/www.valf.fr\/en\/\"},{\"@type\":\"ListItem\",\"position\":2,\"name\":\"Welcome\"}]},{\"@type\":\"WebSite\",\"@id\":\"http:\/\/www.valf.fr\/#website\",\"url\":\"http:\/\/www.valf.fr\/\",\"name\":\"Val\u00e9rie Francisque\",\"description\":\"Artiste Plasticienne \/ Artist - France\",\"potentialAction\":[{\"@type\":\"SearchAction\",\"target\":{\"@type\":\"EntryPoint\",\"urlTemplate\":\"http:\/\/www.valf.fr\/?s={search_term_string}\"},\"query-input\":{\"@type\":\"PropertyValueSpecification\",\"valueRequired\":true,\"valueName\":\"search_term_string\"}}],\"inLanguage\":\"en-US\"}]}<\/script>\n<!-- \/ Yoast SEO plugin. -->","yoast_head_json":{"title":"Val\u00e9rie Francisque - Artiste Plasticienne - Cherbourg - France","description":"D\u00e9couvrez mes peintures, tableaux \u00e0 texte, sculptures et Omyagu\u00e9s (souvenirs du Japon). L\u2019Art est un mode de communication et d\u2019expression universel.","robots":{"index":"index","follow":"follow","max-snippet":"max-snippet:-1","max-image-preview":"max-image-preview:large","max-video-preview":"max-video-preview:-1"},"canonical":"https:\/\/www.valf.fr\/en\/","og_locale":"en_US","og_type":"article","og_title":"Val\u00e9rie Francisque - Artiste Plasticienne - Cherbourg - France","og_description":"D\u00e9couvrez mes peintures, tableaux \u00e0 texte, sculptures et Omyagu\u00e9s (souvenirs du Japon). L\u2019Art est un mode de communication et d\u2019expression universel.","og_url":"https:\/\/www.valf.fr\/en\/","og_site_name":"Val\u00e9rie Francisque","article_modified_time":"2016-08-22T16:18:48+00:00","twitter_card":"summary_large_image","twitter_misc":{"Est. reading time":"2 minutes"},"schema":{"@context":"https:\/\/schema.org","@graph":[{"@type":"WebPage","@id":"https:\/\/www.valf.fr\/en\/","url":"https:\/\/www.valf.fr\/en\/","name":"Val\u00e9rie Francisque - Artiste Plasticienne - Cherbourg - France","isPartOf":{"@id":"http:\/\/www.valf.fr\/#website"},"datePublished":"2015-08-27T08:52:39+00:00","dateModified":"2016-08-22T16:18:48+00:00","description":"D\u00e9couvrez mes peintures, tableaux \u00e0 texte, sculptures et Omyagu\u00e9s (souvenirs du Japon). L\u2019Art est un mode de communication et d\u2019expression universel.","breadcrumb":{"@id":"https:\/\/www.valf.fr\/en\/#breadcrumb"},"inLanguage":"en-US","potentialAction":[{"@type":"ReadAction","target":["https:\/\/www.valf.fr\/en\/"]}]},{"@type":"BreadcrumbList","@id":"https:\/\/www.valf.fr\/en\/#breadcrumb","itemListElement":[{"@type":"ListItem","position":1,"name":"Accueil","item":"https:\/\/www.valf.fr\/en\/"},{"@type":"ListItem","position":2,"name":"Welcome"}]},{"@type":"WebSite","@id":"http:\/\/www.valf.fr\/#website","url":"http:\/\/www.valf.fr\/","name":"Val\u00e9rie Francisque","description":"Artiste Plasticienne \/ Artist - France","potentialAction":[{"@type":"SearchAction","target":{"@type":"EntryPoint","urlTemplate":"http:\/\/www.valf.fr\/?s={search_term_string}"},"query-input":{"@type":"PropertyValueSpecification","valueRequired":true,"valueName":"search_term_string"}}],"inLanguage":"en-US"}]}},"_links":{"self":[{"href":"http:\/\/www.valf.fr\/en\/wp-json\/wp\/v2\/pages\/232\/"}],"collection":[{"href":"http:\/\/www.valf.fr\/en\/wp-json\/wp\/v2\/pages\/"}],"about":[{"href":"http:\/\/www.valf.fr\/en\/wp-json\/wp\/v2\/types\/page\/"}],"author":[{"embeddable":true,"href":"http:\/\/www.valf.fr\/en\/wp-json\/wp\/v2\/users\/2\/"}],"replies":[{"embeddable":true,"href":"http:\/\/www.valf.fr\/en\/wp-json\/wp\/v2\/comments\/?post=232"}],"version-history":[{"count":0,"href":"http:\/\/www.valf.fr\/en\/wp-json\/wp\/v2\/pages\/232\/revisions\/"}],"wp:attachment":[{"href":"http:\/\/www.valf.fr\/en\/wp-json\/wp\/v2\/media\/?parent=232"}],"curies":[{"name":"wp","href":"https:\/\/api.w.org\/{rel}","templated":true}]}}