{"id":243,"date":"2016-01-17T23:37:27","date_gmt":"2016-01-17T22:37:27","guid":{"rendered":"http:\/\/www.valf.fr\/en\/sculptures\/"},"modified":"2016-08-22T17:02:28","modified_gmt":"2016-08-22T16:02:28","slug":"sculptures","status":"publish","type":"page","link":"https:\/\/www.valf.fr\/en\/sculptures\/","title":{"rendered":"Sculptures\u00a0: clay, porcelain and raku, enameled or not"},"content":{"rendered":"<div class=\"wpb-content-wrapper\"><p>[vc_row][vc_column][vc_column_text css_animation=&#8221;top-to-bottom&#8221;]<\/p>\n<p style=\"text-align: justify;\">I discovered sculpture at the Art School in Cherbourg, where I was a student after passing the entrance exam! This extremely touch-sensitive art doesn&#8217;t need thinking about.\u00a0 My pieces seem to be created by my hands directly, without thinking about it. I let them make what they want. I am often\u00a0 surprised to contemplate what my hands have decided to create.<\/p>\n<p>[\/vc_column_text][vc_gallery type=&#8221;image_grid&#8221; images=&#8221;46,47,48,49,50,51&#8243; img_size=&#8221;295&#215;295&#8243;][vc_column_text css_animation=&#8221;top-to-bottom&#8221;]<\/p>\n<p style=\"text-align: justify;\">Le travail de la terre prend du temps. Apr\u00e8s une phase modelage, d\u2019une t\u00eate par exemple, comme \u00ab\u00a0la femme papillon\u00a0\u00bb, il faut attendre qu\u2019elle s\u00e8che, puis l\u2019\u00e9vider, en la coupant en deux, la creuser, puis la \u00ab\u00a0recoller\u00a0\u00bb sans que l\u2019on puisse voir la jonction. Attendre encore qu\u2019elle s\u00e8che plus avant de la cuire et obtenir le d\u00e9gourdi de la sculpture, c\u2019est-\u00e0-dire la terre cuite toute simple. Enfin y apposer les \u00e9maux et la recuire \u00e0 nouveau pour obtenir les couleurs d\u2019une pi\u00e8ce \u00e9maill\u00e9e, en esp\u00e9rant bien s\u00fbr \u00e0 chaque passage au four (entre 980 et 1280\u00b0C) qu\u2019elle n\u2019explose pas, ce qui arrive parfois\u2026<\/p>\n<p>[\/vc_column_text][vc_gallery type=&#8221;image_grid&#8221; images=&#8221;40,41,42,43,44,45&#8243; img_size=&#8221;295&#215;295&#8243;][\/vc_column][\/vc_row]<\/p>\n<\/div>","protected":false},"excerpt":{"rendered":"<p>[vc_row][vc_column][vc_column_text css_animation=&#8221;top-to-bottom&#8221;] I discovered sculpture at the Art School in Cherbourg, where I was a student after passing the entrance exam! This extremely touch-sensitive art doesn&#8217;t need thinking about.\u00a0 My pieces seem to be created by my hands directly, without&hellip; <\/p>\n","protected":false},"author":2,"featured_media":0,"parent":0,"menu_order":0,"comment_status":"closed","ping_status":"closed","template":"","meta":{"footnotes":""},"class_list":["post-243","page","type-page","status-publish","hentry"],"yoast_head":"<!-- This site is optimized with the Yoast SEO plugin v27.2 - https:\/\/yoast.com\/product\/yoast-seo-wordpress\/ -->\n<title>Sculptures\u00a0: clay, porcelain and raku, enameled or not - Val\u00e9rie Francisque<\/title>\n<meta name=\"robots\" content=\"index, follow, max-snippet:-1, max-image-preview:large, max-video-preview:-1\" \/>\n<link rel=\"canonical\" href=\"http:\/\/www.valf.fr\/en\/sculptures\/\" \/>\n<meta property=\"og:locale\" content=\"en_US\" \/>\n<meta property=\"og:type\" content=\"article\" \/>\n<meta property=\"og:title\" content=\"Sculptures\u00a0: clay, porcelain and raku, enameled or not - Val\u00e9rie Francisque\" \/>\n<meta property=\"og:description\" content=\"[vc_row][vc_column][vc_column_text css_animation=&#8221;top-to-bottom&#8221;] I discovered sculpture at the Art School in Cherbourg, where I was a student after passing the entrance exam! This extremely touch-sensitive art doesn&#8217;t need thinking about.\u00a0 My pieces seem to be created by my hands directly, without&hellip;\" \/>\n<meta property=\"og:url\" content=\"http:\/\/www.valf.fr\/en\/sculptures\/\" \/>\n<meta property=\"og:site_name\" content=\"Val\u00e9rie Francisque\" \/>\n<meta property=\"article:modified_time\" content=\"2016-08-22T16:02:28+00:00\" \/>\n<meta name=\"twitter:card\" content=\"summary_large_image\" \/>\n<meta name=\"twitter:label1\" content=\"Est. reading time\" \/>\n\t<meta name=\"twitter:data1\" content=\"1 minute\" \/>\n<script type=\"application\/ld+json\" class=\"yoast-schema-graph\">{\"@context\":\"https:\/\/schema.org\",\"@graph\":[{\"@type\":\"WebPage\",\"@id\":\"http:\/\/www.valf.fr\/en\/sculptures\/\",\"url\":\"http:\/\/www.valf.fr\/en\/sculptures\/\",\"name\":\"Sculptures\u00a0: clay, porcelain and raku, enameled or not - Val\u00e9rie Francisque\",\"isPartOf\":{\"@id\":\"http:\/\/www.valf.fr\/#website\"},\"datePublished\":\"2016-01-17T22:37:27+00:00\",\"dateModified\":\"2016-08-22T16:02:28+00:00\",\"breadcrumb\":{\"@id\":\"http:\/\/www.valf.fr\/en\/sculptures\/#breadcrumb\"},\"inLanguage\":\"en-US\",\"potentialAction\":[{\"@type\":\"ReadAction\",\"target\":[\"http:\/\/www.valf.fr\/en\/sculptures\/\"]}]},{\"@type\":\"BreadcrumbList\",\"@id\":\"http:\/\/www.valf.fr\/en\/sculptures\/#breadcrumb\",\"itemListElement\":[{\"@type\":\"ListItem\",\"position\":1,\"name\":\"Accueil\",\"item\":\"http:\/\/www.valf.fr\/en\/\"},{\"@type\":\"ListItem\",\"position\":2,\"name\":\"Sculptures\u00a0: clay, porcelain and raku, enameled or not\"}]},{\"@type\":\"WebSite\",\"@id\":\"http:\/\/www.valf.fr\/#website\",\"url\":\"http:\/\/www.valf.fr\/\",\"name\":\"Val\u00e9rie Francisque\",\"description\":\"Artiste Plasticienne \/ Artist - France\",\"potentialAction\":[{\"@type\":\"SearchAction\",\"target\":{\"@type\":\"EntryPoint\",\"urlTemplate\":\"http:\/\/www.valf.fr\/?s={search_term_string}\"},\"query-input\":{\"@type\":\"PropertyValueSpecification\",\"valueRequired\":true,\"valueName\":\"search_term_string\"}}],\"inLanguage\":\"en-US\"}]}<\/script>\n<!-- \/ Yoast SEO plugin. -->","yoast_head_json":{"title":"Sculptures\u00a0: clay, porcelain and raku, enameled or not - Val\u00e9rie Francisque","robots":{"index":"index","follow":"follow","max-snippet":"max-snippet:-1","max-image-preview":"max-image-preview:large","max-video-preview":"max-video-preview:-1"},"canonical":"http:\/\/www.valf.fr\/en\/sculptures\/","og_locale":"en_US","og_type":"article","og_title":"Sculptures\u00a0: clay, porcelain and raku, enameled or not - Val\u00e9rie Francisque","og_description":"[vc_row][vc_column][vc_column_text css_animation=&#8221;top-to-bottom&#8221;] I discovered sculpture at the Art School in Cherbourg, where I was a student after passing the entrance exam! This extremely touch-sensitive art doesn&#8217;t need thinking about.\u00a0 My pieces seem to be created by my hands directly, without&hellip;","og_url":"http:\/\/www.valf.fr\/en\/sculptures\/","og_site_name":"Val\u00e9rie Francisque","article_modified_time":"2016-08-22T16:02:28+00:00","twitter_card":"summary_large_image","twitter_misc":{"Est. reading time":"1 minute"},"schema":{"@context":"https:\/\/schema.org","@graph":[{"@type":"WebPage","@id":"http:\/\/www.valf.fr\/en\/sculptures\/","url":"http:\/\/www.valf.fr\/en\/sculptures\/","name":"Sculptures\u00a0: clay, porcelain and raku, enameled or not - Val\u00e9rie Francisque","isPartOf":{"@id":"http:\/\/www.valf.fr\/#website"},"datePublished":"2016-01-17T22:37:27+00:00","dateModified":"2016-08-22T16:02:28+00:00","breadcrumb":{"@id":"http:\/\/www.valf.fr\/en\/sculptures\/#breadcrumb"},"inLanguage":"en-US","potentialAction":[{"@type":"ReadAction","target":["http:\/\/www.valf.fr\/en\/sculptures\/"]}]},{"@type":"BreadcrumbList","@id":"http:\/\/www.valf.fr\/en\/sculptures\/#breadcrumb","itemListElement":[{"@type":"ListItem","position":1,"name":"Accueil","item":"http:\/\/www.valf.fr\/en\/"},{"@type":"ListItem","position":2,"name":"Sculptures\u00a0: clay, porcelain and raku, enameled or not"}]},{"@type":"WebSite","@id":"http:\/\/www.valf.fr\/#website","url":"http:\/\/www.valf.fr\/","name":"Val\u00e9rie Francisque","description":"Artiste Plasticienne \/ Artist - France","potentialAction":[{"@type":"SearchAction","target":{"@type":"EntryPoint","urlTemplate":"http:\/\/www.valf.fr\/?s={search_term_string}"},"query-input":{"@type":"PropertyValueSpecification","valueRequired":true,"valueName":"search_term_string"}}],"inLanguage":"en-US"}]}},"_links":{"self":[{"href":"https:\/\/www.valf.fr\/en\/wp-json\/wp\/v2\/pages\/243\/"}],"collection":[{"href":"https:\/\/www.valf.fr\/en\/wp-json\/wp\/v2\/pages\/"}],"about":[{"href":"https:\/\/www.valf.fr\/en\/wp-json\/wp\/v2\/types\/page\/"}],"author":[{"embeddable":true,"href":"https:\/\/www.valf.fr\/en\/wp-json\/wp\/v2\/users\/2\/"}],"replies":[{"embeddable":true,"href":"https:\/\/www.valf.fr\/en\/wp-json\/wp\/v2\/comments\/?post=243"}],"version-history":[{"count":0,"href":"https:\/\/www.valf.fr\/en\/wp-json\/wp\/v2\/pages\/243\/revisions\/"}],"wp:attachment":[{"href":"https:\/\/www.valf.fr\/en\/wp-json\/wp\/v2\/media\/?parent=243"}],"curies":[{"name":"wp","href":"https:\/\/api.w.org\/{rel}","templated":true}]}}